{"id":2,"date":"2025-08-24T10:12:50","date_gmt":"2025-08-24T10:12:50","guid":{"rendered":"https:\/\/machdeinlichtan.thomas-rapp.com\/?page_id=2"},"modified":"2026-01-23T08:04:27","modified_gmt":"2026-01-23T08:04:27","slug":"sample-page","status":"publish","type":"page","link":"https:\/\/machdeinlichtan.thomas-rapp.com\/","title":{"rendered":"Mach Dein Licht an  &#8211; das Buch von Thomas J. Rapp"},"content":{"rendered":"<p>[et_pb_section fb_built=&#8220;1&#8243; _builder_version=&#8220;4.8.2&#8243; _module_preset=&#8220;default&#8220; custom_padding=&#8220;||56px|||&#8220;][et_pb_row column_structure=&#8220;1_2,1_2&#8243; _builder_version=&#8220;4.8.2&#8243; _module_preset=&#8220;default&#8220; background_color=&#8220;#eeeeee&#8220; custom_padding=&#8220;33px|30px||30px|false|true&#8220; hover_enabled=&#8220;0&#8243; border_radii=&#8220;on|20px|20px|20px|20px&#8220; box_shadow_style=&#8220;preset3&#8243; sticky_enabled=&#8220;0&#8243;][et_pb_column type=&#8220;1_2&#8243; _builder_version=&#8220;4.8.2&#8243; _module_preset=&#8220;default&#8220;][et_pb_text _builder_version=&#8220;4.8.2&#8243; _module_preset=&#8220;default&#8220; custom_margin=&#8220;34px|||||&#8220;]<\/p>\n<h1>Mach Dein Licht an<\/h1>\n<h2>Ein Mutmach-Buch f\u00fcr Familien in st\u00fcrmischen Zeiten<\/h2>\n<p>Wenn das Leben mit Kindern zur Herausforderung wird, brauchst du einen Kompass durch die Krise. Dieses Buch zeigt dir, wie du als Elternteil wieder in deine Kraft kommst und deiner Familie neue Hoffnung schenkst.<\/p>\n<p>[\/et_pb_text][et_pb_button button_url=&#8220;#download&#8220; button_text=&#8220;JETZT KOSTENFREI DOWNLOADEN&#8220; button_alignment=&#8220;center&#8220; _builder_version=&#8220;4.8.2&#8243; _module_preset=&#8220;default&#8220; custom_button=&#8220;on&#8220; button_text_size=&#8220;18px&#8220; button_text_color=&#8220;#FFFFFF&#8220; button_bg_color=&#8220;#E09900&#8243; button_border_width=&#8220;0px&#8220; button_border_radius=&#8220;22px&#8220; button_letter_spacing=&#8220;0px&#8220; button_font=&#8220;|800|||||||&#8220;][\/et_pb_button][\/et_pb_column][et_pb_column type=&#8220;1_2&#8243; _builder_version=&#8220;4.8.2&#8243; _module_preset=&#8220;default&#8220;][et_pb_image src=&#8220;https:\/\/machdeinlichtan.thomas-rapp.com\/wp-content\/uploads\/2025\/09\/Buch-Cover-Mach-Dein-Licht-an-2.png&#8220; title_text=&#8220;Buch Cover Mach Dein Licht an (2)&#8220; align=&#8220;center&#8220; _builder_version=&#8220;4.8.2&#8243; _module_preset=&#8220;default&#8220; module_alignment=&#8220;center&#8220;][\/et_pb_image][\/et_pb_column][\/et_pb_row][et_pb_row _builder_version=&#8220;4.8.2&#8243; _module_preset=&#8220;default&#8220; custom_padding=&#8220;44px|||||&#8220;][et_pb_column type=&#8220;4_4&#8243; _builder_version=&#8220;4.8.2&#8243; _module_preset=&#8220;default&#8220;][et_pb_text _builder_version=&#8220;4.8.2&#8243; _module_preset=&#8220;default&#8220;]<\/p>\n<h2 style=\"text-align: center;\">Das Buch, das Familien wieder Hoffnung gibt<\/h2>\n<p>[\/et_pb_text][et_pb_divider color=&#8220;#E09900&#8243; divider_weight=&#8220;2px&#8220; _builder_version=&#8220;4.8.2&#8243; _module_preset=&#8220;default&#8220;][\/et_pb_divider][\/et_pb_column][\/et_pb_row][et_pb_row column_structure=&#8220;1_3,1_3,1_3&#8243; _builder_version=&#8220;4.8.2&#8243; _module_preset=&#8220;default&#8220; custom_margin=&#8220;|auto|24px|auto||&#8220;][et_pb_column type=&#8220;1_3&#8243; _builder_version=&#8220;4.8.2&#8243; _module_preset=&#8220;default&#8220;][et_pb_text _builder_version=&#8220;4.8.2&#8243; _module_preset=&#8220;default&#8220;]<\/p>\n<h3 style=\"text-align: center;\">Aus eigener Erfahrung<\/h3>\n<p style=\"text-align: center;\">Geschrieben von einem Vater, der selbst durch die H\u00f6lle gegangen ist und einen Weg zur\u00fcck ins Licht gefunden hat.<\/p>\n<p>[\/et_pb_text][\/et_pb_column][et_pb_column type=&#8220;1_3&#8243; _builder_version=&#8220;4.8.2&#8243; _module_preset=&#8220;default&#8220;][et_pb_text _builder_version=&#8220;4.8.2&#8243; _module_preset=&#8220;default&#8220;]<\/p>\n<h3 style=\"text-align: center;\">Praktische Tools<\/h3>\n<p style=\"text-align: center;\">\u00dcber 30 sofort anwendbare \u00dcbungen und Strategien, die dir helfen, aus der Krise in die Kraft zu kommen.<\/p>\n<p>[\/et_pb_text][\/et_pb_column][et_pb_column type=&#8220;1_3&#8243; _builder_version=&#8220;4.8.2&#8243; _module_preset=&#8220;default&#8220;][et_pb_text _builder_version=&#8220;4.8.2&#8243; _module_preset=&#8220;default&#8220;]<\/p>\n<h3 style=\"text-align: center;\">Wissenschaftlich fundiert<\/h3>\n<p style=\"text-align: center;\">Basierend auf Salutogenese, NLP und systemischer Aufstellungsarbeit &#8211; verst\u00e4ndlich erkl\u00e4rt und praxisnah umgesetzt.<\/p>\n<p>[\/et_pb_text][\/et_pb_column][\/et_pb_row][et_pb_row column_structure=&#8220;1_2,1_2&#8243; _builder_version=&#8220;4.8.2&#8243; _module_preset=&#8220;default&#8220;][et_pb_column type=&#8220;1_2&#8243; _builder_version=&#8220;4.8.2&#8243; _module_preset=&#8220;default&#8220;][et_pb_testimonial author=&#8220;- Inken&#8220; portrait_width=&#8220;0px&#8220; portrait_height=&#8220;0px&#8220; _builder_version=&#8220;4.8.2&#8243; _module_preset=&#8220;default&#8220; text_orientation=&#8220;center&#8220; hover_enabled=&#8220;0&#8243; sticky_enabled=&#8220;0&#8243; border_radii=&#8220;on|20px|20px|20px|20px&#8220; box_shadow_style=&#8220;preset3&#8243;]<\/p>\n<blockquote>\n<div class=\"quote\">\n<p><span>Endlich jemand, der versteht.\u00a0<\/span><span>Dieses Buch \u201eMach dein Licht an\u201c hat mir das Gef\u00fchl gegeben, nicht allein zu sein. Thomas und Sonja schreiben aus echter Erfahrung \u2013 nicht aus Theorie. Sie geben konkrete Werkzeuge, die funktionieren. Mein Kind und ich haben schon viel davon profitiert. W\u00e4rmste Empfehlung!<\/span><\/p>\n<\/div>\n<\/blockquote>\n<p>[\/et_pb_testimonial][\/et_pb_column][et_pb_column type=&#8220;1_2&#8243; _builder_version=&#8220;4.8.2&#8243; _module_preset=&#8220;default&#8220;][et_pb_testimonial author=&#8220;- Heike&#8220; portrait_width=&#8220;0px&#8220; portrait_height=&#8220;0px&#8220; _builder_version=&#8220;4.8.2&#8243; _module_preset=&#8220;default&#8220; text_orientation=&#8220;center&#8220; hover_enabled=&#8220;0&#8243; sticky_enabled=&#8220;0&#8243; border_radii=&#8220;on|20px|20px|20px|20px&#8220; box_shadow_style=&#8220;preset3&#8243;]<\/p>\n<blockquote>\n<div class=\"quote\">\n<p><span>Ich habe schon hinein geschnuppert und es ist fantastisch wie du es auf den Punkt bringst.<\/span><br \/> <span>Ich selber bin famili\u00e4r nicht mehr so direkt davon betroffen. Ich arbeite in der Ganztagsbetreuung in Grundschulen und werde jeden Tag damit konfrontiert.\u00a0<\/span><\/p>\n<\/div>\n<\/blockquote>\n<p>[\/et_pb_testimonial][\/et_pb_column][\/et_pb_row][et_pb_row column_structure=&#8220;2_5,3_5&#8243; _builder_version=&#8220;4.8.2&#8243; _module_preset=&#8220;default&#8220; custom_padding=&#8220;51px|||||&#8220;][et_pb_column type=&#8220;2_5&#8243; _builder_version=&#8220;4.8.2&#8243; _module_preset=&#8220;default&#8220;][et_pb_image src=&#8220;https:\/\/machdeinlichtan.thomas-rapp.com\/wp-content\/uploads\/2025\/08\/Untitled-design.png&#8220; title_text=&#8220;Untitled design&#8220; _builder_version=&#8220;4.8.2&#8243; _module_preset=&#8220;default&#8220;][\/et_pb_image][\/et_pb_column][et_pb_column type=&#8220;3_5&#8243; _builder_version=&#8220;4.8.2&#8243; _module_preset=&#8220;default&#8220;][et_pb_text _builder_version=&#8220;4.8.2&#8243; _module_preset=&#8220;default&#8220;]<\/p>\n<h2><strong>\u00dcber den Autor<\/strong><\/h2>\n<p>[\/et_pb_text][et_pb_divider color=&#8220;#E09900&#8243; divider_weight=&#8220;2px&#8220; _builder_version=&#8220;4.8.2&#8243; _module_preset=&#8220;default&#8220;][\/et_pb_divider][et_pb_text _builder_version=&#8220;4.8.2&#8243; _module_preset=&#8220;default&#8220;]<\/p>\n<p style=\"text-align: right;\">Thomas J. Rapp (Jahrgang 1973) ist Vater von drei Kindern in einer Patchwork-Familie, Unternehmer und zertifizierter Coach. Seit 2011 lebt er mit seiner Frau Sonja und den drei Kindern Rosalie, Pauline und Janosch in einer Patchwork-Familie und hat dabei viele tragische Herausforderungen im pers\u00f6nlichen und schulischen Bereich der Kinder erlebt.<\/p>\n<p style=\"text-align: right;\">Diese Krisen brachten die Familie an ihre Grenzen und wirkten sich massiv auf Partnerschaft, Unternehmen und das gesamte Leben aus. Doch Thomas und Sonja sahen in jeder Krise auch die Chance zur Weiterentwicklung. Aus diesen pers\u00f6nlichen Erfahrungen heraus entwickelten sie gemeinsam die KIDS-Methode und das MindShift Connect Coaching-Programm.<\/p>\n<p style=\"text-align: right;\"><strong>Seine Mission:<\/strong><span>\u00a0<\/span>Menschen zu ihrer St\u00e4rke als Individuum und als Teil ihrer Familie zu f\u00fchren, damit sie die Herausforderungen des Lebens mit Zuversicht und Kraft meistern k\u00f6nnen.<\/p>\n<p>[\/et_pb_text][\/et_pb_column][\/et_pb_row][et_pb_row _builder_version=&#8220;4.8.2&#8243; _module_preset=&#8220;default&#8220; custom_padding=&#8220;44px|||||&#8220;][et_pb_column type=&#8220;4_4&#8243; _builder_version=&#8220;4.8.2&#8243; _module_preset=&#8220;default&#8220;][et_pb_text _builder_version=&#8220;4.8.2&#8243; _module_preset=&#8220;default&#8220;]<\/p>\n<h2 style=\"text-align: center;\">Was dich in dem Buch erwartet<\/h2>\n<p>[\/et_pb_text][et_pb_divider color=&#8220;#E09900&#8243; divider_weight=&#8220;2px&#8220; _builder_version=&#8220;4.8.2&#8243; _module_preset=&#8220;default&#8220;][\/et_pb_divider][\/et_pb_column][\/et_pb_row][et_pb_row column_structure=&#8220;1_4,1_4,1_4,1_4&#8243; _builder_version=&#8220;4.8.2&#8243; _module_preset=&#8220;default&#8220; custom_padding=&#8220;||0px|||&#8220; hover_enabled=&#8220;0&#8243; make_equal=&#8220;on&#8220; sticky_enabled=&#8220;0&#8243;][et_pb_column type=&#8220;1_4&#8243; _builder_version=&#8220;4.8.2&#8243; _module_preset=&#8220;default&#8220;][et_pb_text _builder_version=&#8220;4.8.2&#8243; _module_preset=&#8220;default&#8220; header_3_text_color=&#8220;#E09900&#8243; background_color=&#8220;#eeeeee&#8220; height=&#8220;70vh&#8220; custom_margin=&#8220;|-23px||||&#8220; custom_padding=&#8220;11px|11px|11px|11px|false|false&#8220; hover_enabled=&#8220;0&#8243; border_radii=&#8220;on|20px|20px|20px|20px&#8220; sticky_enabled=&#8220;0&#8243; box_shadow_style=&#8220;preset3&#8243;]<\/p>\n<h3><strong>TEIL I: BEWUSSTSEIN<\/strong><\/h3>\n<h4>Wenn das Familienleben aus den Fugen ger\u00e4t<\/h4>\n<ul>\n<li>Kapitel 1: Du bist nicht allein &#8211; Die Realit\u00e4t heutiger Familien<\/li>\n<li>Kapitel 2: Wenn Kinder leiden &#8211; Die vielen Gesichter der Krise<\/li>\n<li>Kapitel 3: Die Wellen schlagen hoch &#8211; Auswirkungen auf das Familiensystem<\/li>\n<li>Kapitel 4: Der Teufelskreis &#8211; Warum alles schlimmer wird<\/li>\n<\/ul>\n<p>[\/et_pb_text][\/et_pb_column][et_pb_column type=&#8220;1_4&#8243; _builder_version=&#8220;4.8.2&#8243; _module_preset=&#8220;default&#8220;][et_pb_text _builder_version=&#8220;4.8.2&#8243; _module_preset=&#8220;default&#8220; header_3_text_color=&#8220;#E09900&#8243; background_color=&#8220;#eeeeee&#8220; height=&#8220;70vh&#8220; custom_margin=&#8220;|-21px||||&#8220; custom_padding=&#8220;11px|11px|0px|11px|false|false&#8220; hover_enabled=&#8220;0&#8243; border_radii=&#8220;on|20px|20px|20px|20px&#8220; sticky_enabled=&#8220;0&#8243; box_shadow_style=&#8220;preset3&#8243;]<\/p>\n<h3>TEIL II: VERSTEHEN<\/h3>\n<h4>Die Grundlagen f\u00fcr Ver\u00e4nderung<\/h4>\n<ul>\n<li>Kapitel 5: Salutogenese &#8211; Was h\u00e4lt uns gesund?<\/li>\n<li>Kapitel 6: NLP &#8211; Die Macht der Sprache und des Denkens<\/li>\n<li>Kapitel 7: Systemische Betrachtung &#8211; Das gro\u00dfe Ganze sehen<\/li>\n<\/ul>\n<p>[\/et_pb_text][\/et_pb_column][et_pb_column type=&#8220;1_4&#8243; _builder_version=&#8220;4.8.2&#8243; _module_preset=&#8220;default&#8220;][et_pb_text _builder_version=&#8220;4.8.2&#8243; _module_preset=&#8220;default&#8220; header_3_text_color=&#8220;#E09900&#8243; background_color=&#8220;#eeeeee&#8220; height=&#8220;70vh&#8220; custom_margin=&#8220;|-23px||||&#8220; custom_padding=&#8220;11px|11px|11px|11px|false|false&#8220; hover_enabled=&#8220;0&#8243; border_radii=&#8220;on|20px|20px|20px|20px&#8220; sticky_enabled=&#8220;0&#8243; box_shadow_style=&#8220;preset3&#8243;]<\/p>\n<h3>TEIL III: HANDELN<\/h3>\n<h4>Die KIDS-Methode und konkrete Tools<\/h4>\n<ul>\n<li>Kapitel 8: Die KIDS-Methode &#8211; Dein Kompass durch die Krise<\/li>\n<li>Kapitel 9: K &#8211; Kompass Ziele<\/li>\n<li>Kapitel 10: I &#8211; Innere Motivation<\/li>\n<li>Kapitel 11: D &#8211; Deine Werte<\/li>\n<li>Kapitel 12: S &#8211; Strategien deiner Pers\u00f6nlichkeit<\/li>\n<\/ul>\n<p>[\/et_pb_text][\/et_pb_column][et_pb_column type=&#8220;1_4&#8243; _builder_version=&#8220;4.8.2&#8243; _module_preset=&#8220;default&#8220;][et_pb_text _builder_version=&#8220;4.8.2&#8243; _module_preset=&#8220;default&#8220; header_3_text_color=&#8220;#E09900&#8243; background_color=&#8220;#eeeeee&#8220; height=&#8220;70vh&#8220; custom_padding=&#8220;11px|11px|11px|11px|false|false&#8220; hover_enabled=&#8220;0&#8243; border_radii=&#8220;on|20px|20px|20px|20px&#8220; sticky_enabled=&#8220;0&#8243; box_shadow_style=&#8220;preset3&#8243;]<\/p>\n<h3>TEIL IV: WACHSEN<\/h3>\n<h4>Aus der Krise zur St\u00e4rke<\/h4>\n<ul>\n<li>Kapitel 13: Die vier Transformationsfaktoren<\/li>\n<li>Kapitel 14: Der Weg nach vorn &#8211; Deine n\u00e4chsten Schritte<\/li>\n<\/ul>\n<p>[\/et_pb_text][\/et_pb_column][\/et_pb_row][\/et_pb_section][et_pb_section fb_built=&#8220;1&#8243; module_id=&#8220;download&#8220; _builder_version=&#8220;4.8.2&#8243; _module_preset=&#8220;default&#8220;][et_pb_row _builder_version=&#8220;4.8.2&#8243; _module_preset=&#8220;default&#8220; custom_padding=&#8220;24px|||||&#8220;][et_pb_column type=&#8220;4_4&#8243; _builder_version=&#8220;4.8.2&#8243; _module_preset=&#8220;default&#8220;][et_pb_text _builder_version=&#8220;4.8.2&#8243; _module_preset=&#8220;default&#8220;]<\/p>\n<h2 style=\"text-align: center;\">Jetzt Buch kostenfrei herunterladen<\/h2>\n<p>[\/et_pb_text][et_pb_divider color=&#8220;#E09900&#8243; divider_weight=&#8220;2px&#8220; _builder_version=&#8220;4.8.2&#8243; _module_preset=&#8220;default&#8220;][\/et_pb_divider][\/et_pb_column][\/et_pb_row][et_pb_row _builder_version=&#8220;4.8.2&#8243; _module_preset=&#8220;default&#8220;][et_pb_column type=&#8220;4_4&#8243; _builder_version=&#8220;4.8.2&#8243; _module_preset=&#8220;default&#8220;][et_pb_code _builder_version=&#8220;4.8.2&#8243; _module_preset=&#8220;default&#8220; text_orientation=&#8220;center&#8220; hover_enabled=&#8220;0&#8243; sticky_enabled=&#8220;0&#8243;]<iframe loading=\"lazy\" class=\"ktv2\" src=\"https:\/\/assets.klicktipp.com\/userimages\/1252329\/forms\/342966\/7yy1zt7atz8za0c7.html\" style=\"position:relative;display:inline-block;border:none;background:transparent none no-repeat scroll 0 0;margin:0;\" width=\"510\" height=\"313\" scrolling=\"no\"><\/iframe>[\/et_pb_code][\/et_pb_column][\/et_pb_row][\/et_pb_section]<\/p>\n","protected":false},"excerpt":{"rendered":"<p>[et_pb_section fb_built=&#8220;1&#8243; _builder_version=&#8220;4.8.2&#8243; _module_preset=&#8220;default&#8220; custom_padding=&#8220;||56px|||&#8220;][et_pb_row column_structure=&#8220;1_2,1_2&#8243; _builder_version=&#8220;4.8.2&#8243; _module_preset=&#8220;default&#8220; background_color=&#8220;#eeeeee&#8220; custom_padding=&#8220;33px|30px||30px|false|true&#8220; hover_enabled=&#8220;0&#8243; border_radii=&#8220;on|20px|20px|20px|20px&#8220; box_shadow_style=&#8220;preset3&#8243; sticky_enabled=&#8220;0&#8243;][et_pb_column type=&#8220;1_2&#8243; _builder_version=&#8220;4.8.2&#8243; _module_preset=&#8220;default&#8220;][et_pb_text _builder_version=&#8220;4.8.2&#8243; _module_preset=&#8220;default&#8220; custom_margin=&#8220;34px|||||&#8220;] Mach Dein Licht an Ein Mutmach-Buch f\u00fcr Familien in st\u00fcrmischen Zeiten Wenn das Leben mit Kindern zur Herausforderung wird, brauchst du einen Kompass durch die Krise. Dieses Buch zeigt dir, wie du als Elternteil wieder [&hellip;]<\/p>\n","protected":false},"author":1,"featured_media":0,"parent":0,"menu_order":0,"comment_status":"closed","ping_status":"open","template":"","meta":{"_et_pb_use_builder":"on","_et_pb_old_content":"<!-- wp:paragraph -->\n<p>This is an example page. It's different from a blog post because it will stay in one place and will show up in your site navigation (in most themes). Most people start with an About page that introduces them to potential site visitors. It might say something like this:<\/p>\n<!-- \/wp:paragraph -->\n\n<!-- wp:quote -->\n<blockquote class=\"wp-block-quote\"><p>Hi there! I'm a bike messenger by day, aspiring actor by night, and this is my website. I live in Los Angeles, have a great dog named Jack, and I like pi&#241;a coladas. (And gettin' caught in the rain.)<\/p><\/blockquote>\n<!-- \/wp:quote -->\n\n<!-- wp:paragraph -->\n<p>...or something like this:<\/p>\n<!-- \/wp:paragraph -->\n\n<!-- wp:quote -->\n<blockquote class=\"wp-block-quote\"><p>The XYZ Doohickey Company was founded in 1971, and has been providing quality doohickeys to the public ever since. Located in Gotham City, XYZ employs over 2,000 people and does all kinds of awesome things for the Gotham community.<\/p><\/blockquote>\n<!-- \/wp:quote -->\n\n<!-- wp:paragraph -->\n<p>As a new WordPress user, you should go to <a href=\"https:\/\/machdeinlichtan.thomas-rapp.com\/wp-admin\/\">your dashboard<\/a> to delete this page and create new pages for your content. Have fun!<\/p>\n<!-- \/wp:paragraph -->","_et_gb_content_width":"","footnotes":""},"class_list":["post-2","page","type-page","status-publish","hentry"],"_links":{"self":[{"href":"https:\/\/machdeinlichtan.thomas-rapp.com\/index.php?rest_route=\/wp\/v2\/pages\/2","targetHints":{"allow":["GET"]}}],"collection":[{"href":"https:\/\/machdeinlichtan.thomas-rapp.com\/index.php?rest_route=\/wp\/v2\/pages"}],"about":[{"href":"https:\/\/machdeinlichtan.thomas-rapp.com\/index.php?rest_route=\/wp\/v2\/types\/page"}],"author":[{"embeddable":true,"href":"https:\/\/machdeinlichtan.thomas-rapp.com\/index.php?rest_route=\/wp\/v2\/users\/1"}],"replies":[{"embeddable":true,"href":"https:\/\/machdeinlichtan.thomas-rapp.com\/index.php?rest_route=%2Fwp%2Fv2%2Fcomments&post=2"}],"version-history":[{"count":25,"href":"https:\/\/machdeinlichtan.thomas-rapp.com\/index.php?rest_route=\/wp\/v2\/pages\/2\/revisions"}],"predecessor-version":[{"id":134,"href":"https:\/\/machdeinlichtan.thomas-rapp.com\/index.php?rest_route=\/wp\/v2\/pages\/2\/revisions\/134"}],"wp:attachment":[{"href":"https:\/\/machdeinlichtan.thomas-rapp.com\/index.php?rest_route=%2Fwp%2Fv2%2Fmedia&parent=2"}],"curies":[{"name":"wp","href":"https:\/\/api.w.org\/{rel}","templated":true}]}}